{"id":9,"date":"2023-09-13T14:12:47","date_gmt":"2023-09-13T14:12:47","guid":{"rendered":"https:\/\/altaturneringen.no\/?page_id=9"},"modified":"2026-02-17T10:40:22","modified_gmt":"2026-02-17T10:40:22","slug":"altaturneringen","status":"publish","type":"page","link":"https:\/\/altaturneringen.no\/","title":{"rendered":"Altaturneringen"},"content":{"rendered":"\t\t<div data-elementor-type=\"wp-page\" data-elementor-id=\"9\" class=\"elementor elementor-9\" data-elementor-post-type=\"page\">\n\t\t\t\t<div class=\"elementor-element elementor-element-5c16625 e-con-full e-flex e-con e-parent\" data-id=\"5c16625\" data-element_type=\"container\" data-e-type=\"container\">\n\t\t<div class=\"elementor-element elementor-element-55757a7 e-con-full e-flex e-con e-child\" data-id=\"55757a7\" data-element_type=\"container\" data-e-type=\"container\" data-settings=\"{&quot;background_background&quot;:&quot;classic&quot;}\">\n\t\t<div class=\"elementor-element elementor-element-8a5bd78 e-flex e-con-boxed e-con e-child\" data-id=\"8a5bd78\" data-element_type=\"container\" data-e-type=\"container\">\n\t\t\t\t\t<div class=\"e-con-inner\">\n\t\t<div class=\"elementor-element elementor-element-3107985 e-flex e-con-boxed e-con e-child\" data-id=\"3107985\" data-element_type=\"container\" data-e-type=\"container\">\n\t\t\t\t\t<div class=\"e-con-inner\">\n\t\t\t\t<div class=\"elementor-element elementor-element-689e650 elementor-widget elementor-widget-image\" data-id=\"689e650\" data-element_type=\"widget\" data-e-type=\"widget\" data-widget_type=\"image.default\">\n\t\t\t\t<div class=\"elementor-widget-container\">\n\t\t\t\t\t\t\t\t\t\t\t\t\t\t\t<img fetchpriority=\"high\" decoding=\"async\" width=\"800\" height=\"799\" src=\"https:\/\/altaturneringen.no\/wp-content\/uploads\/2023\/09\/Alta-Turneringen-Logo-PNG.png\" class=\"attachment-large size-large wp-image-65\" alt=\"\" srcset=\"https:\/\/altaturneringen.no\/wp-content\/uploads\/2023\/09\/Alta-Turneringen-Logo-PNG.png 803w, https:\/\/altaturneringen.no\/wp-content\/uploads\/2023\/09\/Alta-Turneringen-Logo-PNG-300x300.png 300w, https:\/\/altaturneringen.no\/wp-content\/uploads\/2023\/09\/Alta-Turneringen-Logo-PNG-150x150.png 150w, https:\/\/altaturneringen.no\/wp-content\/uploads\/2023\/09\/Alta-Turneringen-Logo-PNG-768x767.png 768w\" sizes=\"(max-width: 800px) 100vw, 800px\" \/>\t\t\t\t\t\t\t\t\t\t\t\t\t\t\t<\/div>\n\t\t\t\t<\/div>\n\t\t\t\t<div class=\"elementor-element elementor-element-982a1dc elementor-widget elementor-widget-heading\" data-id=\"982a1dc\" data-element_type=\"widget\" data-e-type=\"widget\" data-widget_type=\"heading.default\">\n\t\t\t\t<div class=\"elementor-widget-container\">\n\t\t\t\t\t<h2 class=\"elementor-heading-title elementor-size-default\">FOTBALL<\/h2>\t\t\t\t<\/div>\n\t\t\t\t<\/div>\n\t\t\t\t<div class=\"elementor-element elementor-element-fbc7d45 elementor-widget elementor-widget-heading\" data-id=\"fbc7d45\" data-element_type=\"widget\" data-e-type=\"widget\" data-widget_type=\"heading.default\">\n\t\t\t\t<div class=\"elementor-widget-container\">\n\t\t\t\t\t<h2 class=\"elementor-heading-title elementor-size-default\">6. - 9. august 2026<\/h2>\t\t\t\t<\/div>\n\t\t\t\t<\/div>\n\t\t\t\t<div class=\"elementor-element elementor-element-e01ad0e elementor-align-center elementor-widget elementor-widget-button\" data-id=\"e01ad0e\" data-element_type=\"widget\" data-e-type=\"widget\" data-widget_type=\"button.default\">\n\t\t\t\t<div class=\"elementor-widget-container\">\n\t\t\t\t\t\t\t\t\t<div class=\"elementor-button-wrapper\">\n\t\t\t\t\t<a class=\"elementor-button elementor-button-link elementor-size-lg elementor-animation-grow\" href=\"https:\/\/altaturneringenfotball.cups.nu\/\" target=\"_blank\">\n\t\t\t\t\t\t<span class=\"elementor-button-content-wrapper\">\n\t\t\t\t\t\t\t\t\t<span class=\"elementor-button-text\">P\u00c5MELDINGEN \u00c5PNET<\/span>\n\t\t\t\t\t<\/span>\n\t\t\t\t\t<\/a>\n\t\t\t\t<\/div>\n\t\t\t\t\t\t\t\t<\/div>\n\t\t\t\t<\/div>\n\t\t\t\t<div class=\"elementor-element elementor-element-90911bc elementor-widget elementor-widget-heading\" data-id=\"90911bc\" data-element_type=\"widget\" data-e-type=\"widget\" data-widget_type=\"heading.default\">\n\t\t\t\t<div class=\"elementor-widget-container\">\n\t\t\t\t\t<h2 class=\"elementor-heading-title elementor-size-default\">KAMPSTART:<\/h2>\t\t\t\t<\/div>\n\t\t\t\t<\/div>\n\t\t\t\t<div class=\"elementor-element elementor-element-c98619b elementor-countdown--label-block elementor-widget elementor-widget-countdown\" data-id=\"c98619b\" data-element_type=\"widget\" data-e-type=\"widget\" data-widget_type=\"countdown.default\">\n\t\t\t\t<div class=\"elementor-widget-container\">\n\t\t\t\t\t\t\t<div class=\"elementor-countdown-wrapper\" data-date=\"1786089600\">\n\t\t\t<div class=\"elementor-countdown-item\"><span class=\"elementor-countdown-digits elementor-countdown-days\"><\/span> <span class=\"elementor-countdown-label\">Dager<\/span><\/div><div class=\"elementor-countdown-item\"><span class=\"elementor-countdown-digits elementor-countdown-hours\"><\/span> <span class=\"elementor-countdown-label\">Timer<\/span><\/div><div class=\"elementor-countdown-item\"><span class=\"elementor-countdown-digits elementor-countdown-minutes\"><\/span> <span class=\"elementor-countdown-label\">Minutter<\/span><\/div><div class=\"elementor-countdown-item\"><span class=\"elementor-countdown-digits elementor-countdown-seconds\"><\/span> <span class=\"elementor-countdown-label\">Sekunder<\/span><\/div>\t\t<\/div>\n\t\t\t\t\t\t<\/div>\n\t\t\t\t<\/div>\n\t\t\t\t\t<\/div>\n\t\t\t\t<\/div>\n\t\t\t\t\t<\/div>\n\t\t\t\t<\/div>\n\t\t\t\t<\/div>\n\t\t<div class=\"elementor-element elementor-element-606dd63 e-con-full e-flex e-con e-child\" data-id=\"606dd63\" data-element_type=\"container\" data-e-type=\"container\" data-settings=\"{&quot;background_background&quot;:&quot;classic&quot;}\">\n\t\t<div class=\"elementor-element elementor-element-9efc4e9 e-flex e-con-boxed e-con e-child\" data-id=\"9efc4e9\" data-element_type=\"container\" data-e-type=\"container\">\n\t\t\t\t\t<div class=\"e-con-inner\">\n\t\t\t\t<div class=\"elementor-element elementor-element-c5ce429 elementor-widget elementor-widget-image\" data-id=\"c5ce429\" data-element_type=\"widget\" data-e-type=\"widget\" data-widget_type=\"image.default\">\n\t\t\t\t<div class=\"elementor-widget-container\">\n\t\t\t\t\t\t\t\t\t\t\t\t\t\t\t<img fetchpriority=\"high\" decoding=\"async\" width=\"800\" height=\"799\" src=\"https:\/\/altaturneringen.no\/wp-content\/uploads\/2023\/09\/Alta-Turneringen-Logo-PNG.png\" class=\"attachment-large size-large wp-image-65\" alt=\"\" srcset=\"https:\/\/altaturneringen.no\/wp-content\/uploads\/2023\/09\/Alta-Turneringen-Logo-PNG.png 803w, https:\/\/altaturneringen.no\/wp-content\/uploads\/2023\/09\/Alta-Turneringen-Logo-PNG-300x300.png 300w, https:\/\/altaturneringen.no\/wp-content\/uploads\/2023\/09\/Alta-Turneringen-Logo-PNG-150x150.png 150w, https:\/\/altaturneringen.no\/wp-content\/uploads\/2023\/09\/Alta-Turneringen-Logo-PNG-768x767.png 768w\" sizes=\"(max-width: 800px) 100vw, 800px\" \/>\t\t\t\t\t\t\t\t\t\t\t\t\t\t\t<\/div>\n\t\t\t\t<\/div>\n\t\t\t\t<div class=\"elementor-element elementor-element-d3b7ca9 elementor-widget elementor-widget-heading\" data-id=\"d3b7ca9\" data-element_type=\"widget\" data-e-type=\"widget\" data-widget_type=\"heading.default\">\n\t\t\t\t<div class=\"elementor-widget-container\">\n\t\t\t\t\t<h2 class=\"elementor-heading-title elementor-size-default\">H\u00c5NDBALL<\/h2>\t\t\t\t<\/div>\n\t\t\t\t<\/div>\n\t\t\t\t<div class=\"elementor-element elementor-element-941f37d elementor-widget elementor-widget-heading\" data-id=\"941f37d\" data-element_type=\"widget\" data-e-type=\"widget\" data-widget_type=\"heading.default\">\n\t\t\t\t<div class=\"elementor-widget-container\">\n\t\t\t\t\t<h2 class=\"elementor-heading-title elementor-size-default\">29. - 31. januar 2027<\/h2>\t\t\t\t<\/div>\n\t\t\t\t<\/div>\n\t\t\t\t<div class=\"elementor-element elementor-element-286ae69 elementor-align-center elementor-widget elementor-widget-button\" data-id=\"286ae69\" data-element_type=\"widget\" data-e-type=\"widget\" data-widget_type=\"button.default\">\n\t\t\t\t<div class=\"elementor-widget-container\">\n\t\t\t\t\t\t\t\t\t<div class=\"elementor-button-wrapper\">\n\t\t\t\t\t<a class=\"elementor-button elementor-button-link elementor-size-lg elementor-animation-grow\" href=\"https:\/\/altaturneringenhandball.cups.nu\/start\" target=\"_blank\">\n\t\t\t\t\t\t<span class=\"elementor-button-content-wrapper\">\n\t\t\t\t\t\t\t\t\t<span class=\"elementor-button-text\">MER INFO<\/span>\n\t\t\t\t\t<\/span>\n\t\t\t\t\t<\/a>\n\t\t\t\t<\/div>\n\t\t\t\t\t\t\t\t<\/div>\n\t\t\t\t<\/div>\n\t\t\t\t<div class=\"elementor-element elementor-element-febe8f7 elementor-widget elementor-widget-heading\" data-id=\"febe8f7\" data-element_type=\"widget\" data-e-type=\"widget\" data-widget_type=\"heading.default\">\n\t\t\t\t<div class=\"elementor-widget-container\">\n\t\t\t\t\t<h2 class=\"elementor-heading-title elementor-size-default\">KAMPSTART:<\/h2>\t\t\t\t<\/div>\n\t\t\t\t<\/div>\n\t\t\t\t<div class=\"elementor-element elementor-element-5d0d283 elementor-countdown--label-block elementor-widget elementor-widget-countdown\" data-id=\"5d0d283\" data-element_type=\"widget\" data-e-type=\"widget\" data-widget_type=\"countdown.default\">\n\t\t\t\t<div class=\"elementor-widget-container\">\n\t\t\t\t\t\t\t<div class=\"elementor-countdown-wrapper\" data-date=\"1801242000\">\n\t\t\t<div class=\"elementor-countdown-item\"><span class=\"elementor-countdown-digits elementor-countdown-days\"><\/span> <span class=\"elementor-countdown-label\">Dager<\/span><\/div><div class=\"elementor-countdown-item\"><span class=\"elementor-countdown-digits elementor-countdown-hours\"><\/span> <span class=\"elementor-countdown-label\">Timer<\/span><\/div><div class=\"elementor-countdown-item\"><span class=\"elementor-countdown-digits elementor-countdown-minutes\"><\/span> <span class=\"elementor-countdown-label\">Minutter<\/span><\/div><div class=\"elementor-countdown-item\"><span class=\"elementor-countdown-digits elementor-countdown-seconds\"><\/span> <span class=\"elementor-countdown-label\">Sekunder<\/span><\/div>\t\t<\/div>\n\t\t\t\t\t\t<\/div>\n\t\t\t\t<\/div>\n\t\t\t\t\t<\/div>\n\t\t\t\t<\/div>\n\t\t\t\t<\/div>\n\t\t\t\t<\/div>\n\t\t\t\t<\/div>\n\t\t","protected":false},"excerpt":{"rendered":"<p>Nord-Norges st\u00f8rste fotballturnering &#8211; \u00e5rets h\u00f8ydepunkt!<\/p>\n","protected":false},"author":4,"featured_media":266,"parent":0,"menu_order":0,"comment_status":"closed","ping_status":"closed","template":"elementor_canvas","meta":{"footnotes":""},"class_list":["post-9","page","type-page","status-publish","has-post-thumbnail","hentry"],"yoast_head":"<!-- This site is optimized with the Yoast SEO plugin v27.2 - https:\/\/yoast.com\/product\/yoast-seo-wordpress\/ -->\n<title>Altaturneringen - Altaturneringen<\/title>\n<meta name=\"robots\" content=\"index, follow, max-snippet:-1, max-image-preview:large, max-video-preview:-1\" \/>\n<link rel=\"canonical\" href=\"https:\/\/altaturneringen.no\/\" \/>\n<meta property=\"og:locale\" content=\"nb_NO\" \/>\n<meta property=\"og:type\" content=\"article\" \/>\n<meta property=\"og:title\" content=\"Altaturneringen 2026\" \/>\n<meta property=\"og:description\" content=\"Bli med p\u00e5 Nord-Norges st\u00f8rste fotballturnering, 6. - 9. august 2026\" \/>\n<meta property=\"og:url\" content=\"https:\/\/altaturneringen.no\/\" \/>\n<meta property=\"og:site_name\" content=\"Altaturneringen\" \/>\n<meta property=\"article:publisher\" content=\"https:\/\/www.facebook.com\/Altaturneringen\" \/>\n<meta property=\"article:modified_time\" content=\"2026-02-17T10:40:22+00:00\" \/>\n<meta property=\"og:image\" content=\"https:\/\/altaturneringen.no\/wp-content\/uploads\/2025\/08\/FRI1639-WEB.jpg\" \/>\n\t<meta property=\"og:image:width\" content=\"1620\" \/>\n\t<meta property=\"og:image:height\" content=\"1080\" \/>\n\t<meta property=\"og:image:type\" content=\"image\/jpeg\" \/>\n<meta name=\"twitter:card\" content=\"summary_large_image\" \/>\n<meta name=\"twitter:label1\" content=\"Ansl. lesetid\" \/>\n\t<meta name=\"twitter:data1\" content=\"1 minutt\" \/>\n<script type=\"application\/ld+json\" class=\"yoast-schema-graph\">{\"@context\":\"https:\/\/schema.org\",\"@graph\":[{\"@type\":\"WebPage\",\"@id\":\"https:\/\/altaturneringen.no\/\",\"url\":\"https:\/\/altaturneringen.no\/\",\"name\":\"Altaturneringen - Altaturneringen\",\"isPartOf\":{\"@id\":\"https:\/\/altaturneringen.no\/#website\"},\"primaryImageOfPage\":{\"@id\":\"https:\/\/altaturneringen.no\/#primaryimage\"},\"image\":{\"@id\":\"https:\/\/altaturneringen.no\/#primaryimage\"},\"thumbnailUrl\":\"https:\/\/altaturneringen.no\/wp-content\/uploads\/2025\/08\/FRI1639-WEB.jpg\",\"datePublished\":\"2023-09-13T14:12:47+00:00\",\"dateModified\":\"2026-02-17T10:40:22+00:00\",\"breadcrumb\":{\"@id\":\"https:\/\/altaturneringen.no\/#breadcrumb\"},\"inLanguage\":\"nb-NO\",\"potentialAction\":[{\"@type\":\"ReadAction\",\"target\":[\"https:\/\/altaturneringen.no\/\"]}]},{\"@type\":\"ImageObject\",\"inLanguage\":\"nb-NO\",\"@id\":\"https:\/\/altaturneringen.no\/#primaryimage\",\"url\":\"https:\/\/altaturneringen.no\/wp-content\/uploads\/2025\/08\/FRI1639-WEB.jpg\",\"contentUrl\":\"https:\/\/altaturneringen.no\/wp-content\/uploads\/2025\/08\/FRI1639-WEB.jpg\",\"width\":1620,\"height\":1080,\"caption\":\"Alta IF G17 vant finalen 1-0 over Kirkenes i Altaturneringen 2025. Foto: Frank Rune Isaksen, Frikant\"},{\"@type\":\"BreadcrumbList\",\"@id\":\"https:\/\/altaturneringen.no\/#breadcrumb\",\"itemListElement\":[{\"@type\":\"ListItem\",\"position\":1,\"name\":\"Hjem\",\"item\":\"https:\/\/altaturneringen.no\/\"},{\"@type\":\"ListItem\",\"position\":2,\"name\":\"Altaturneringen\"}]},{\"@type\":\"WebSite\",\"@id\":\"https:\/\/altaturneringen.no\/#website\",\"url\":\"https:\/\/altaturneringen.no\/\",\"name\":\"Altaturneringen\",\"description\":\"\",\"publisher\":{\"@id\":\"https:\/\/altaturneringen.no\/#organization\"},\"potentialAction\":[{\"@type\":\"SearchAction\",\"target\":{\"@type\":\"EntryPoint\",\"urlTemplate\":\"https:\/\/altaturneringen.no\/?s={search_term_string}\"},\"query-input\":{\"@type\":\"PropertyValueSpecification\",\"valueRequired\":true,\"valueName\":\"search_term_string\"}}],\"inLanguage\":\"nb-NO\"},{\"@type\":\"Organization\",\"@id\":\"https:\/\/altaturneringen.no\/#organization\",\"name\":\"Altaturneringen\",\"url\":\"https:\/\/altaturneringen.no\/\",\"logo\":{\"@type\":\"ImageObject\",\"inLanguage\":\"nb-NO\",\"@id\":\"https:\/\/altaturneringen.no\/#\/schema\/logo\/image\/\",\"url\":\"https:\/\/altaturneringen.no\/wp-content\/uploads\/2023\/09\/Alta-Turneringen-Logo-PNG.png\",\"contentUrl\":\"https:\/\/altaturneringen.no\/wp-content\/uploads\/2023\/09\/Alta-Turneringen-Logo-PNG.png\",\"width\":803,\"height\":802,\"caption\":\"Altaturneringen\"},\"image\":{\"@id\":\"https:\/\/altaturneringen.no\/#\/schema\/logo\/image\/\"},\"sameAs\":[\"https:\/\/www.facebook.com\/Altaturneringen\",\"https:\/\/www.facebook.com\/profile.php?id=100089793754468\"]}]}<\/script>\n<!-- \/ Yoast SEO plugin. -->","yoast_head_json":{"title":"Altaturneringen - Altaturneringen","robots":{"index":"index","follow":"follow","max-snippet":"max-snippet:-1","max-image-preview":"max-image-preview:large","max-video-preview":"max-video-preview:-1"},"canonical":"https:\/\/altaturneringen.no\/","og_locale":"nb_NO","og_type":"article","og_title":"Altaturneringen 2026","og_description":"Bli med p\u00e5 Nord-Norges st\u00f8rste fotballturnering, 6. - 9. august 2026","og_url":"https:\/\/altaturneringen.no\/","og_site_name":"Altaturneringen","article_publisher":"https:\/\/www.facebook.com\/Altaturneringen","article_modified_time":"2026-02-17T10:40:22+00:00","og_image":[{"width":1620,"height":1080,"url":"https:\/\/altaturneringen.no\/wp-content\/uploads\/2025\/08\/FRI1639-WEB.jpg","type":"image\/jpeg"}],"twitter_card":"summary_large_image","twitter_misc":{"Ansl. lesetid":"1 minutt"},"schema":{"@context":"https:\/\/schema.org","@graph":[{"@type":"WebPage","@id":"https:\/\/altaturneringen.no\/","url":"https:\/\/altaturneringen.no\/","name":"Altaturneringen - Altaturneringen","isPartOf":{"@id":"https:\/\/altaturneringen.no\/#website"},"primaryImageOfPage":{"@id":"https:\/\/altaturneringen.no\/#primaryimage"},"image":{"@id":"https:\/\/altaturneringen.no\/#primaryimage"},"thumbnailUrl":"https:\/\/altaturneringen.no\/wp-content\/uploads\/2025\/08\/FRI1639-WEB.jpg","datePublished":"2023-09-13T14:12:47+00:00","dateModified":"2026-02-17T10:40:22+00:00","breadcrumb":{"@id":"https:\/\/altaturneringen.no\/#breadcrumb"},"inLanguage":"nb-NO","potentialAction":[{"@type":"ReadAction","target":["https:\/\/altaturneringen.no\/"]}]},{"@type":"ImageObject","inLanguage":"nb-NO","@id":"https:\/\/altaturneringen.no\/#primaryimage","url":"https:\/\/altaturneringen.no\/wp-content\/uploads\/2025\/08\/FRI1639-WEB.jpg","contentUrl":"https:\/\/altaturneringen.no\/wp-content\/uploads\/2025\/08\/FRI1639-WEB.jpg","width":1620,"height":1080,"caption":"Alta IF G17 vant finalen 1-0 over Kirkenes i Altaturneringen 2025. Foto: Frank Rune Isaksen, Frikant"},{"@type":"BreadcrumbList","@id":"https:\/\/altaturneringen.no\/#breadcrumb","itemListElement":[{"@type":"ListItem","position":1,"name":"Hjem","item":"https:\/\/altaturneringen.no\/"},{"@type":"ListItem","position":2,"name":"Altaturneringen"}]},{"@type":"WebSite","@id":"https:\/\/altaturneringen.no\/#website","url":"https:\/\/altaturneringen.no\/","name":"Altaturneringen","description":"","publisher":{"@id":"https:\/\/altaturneringen.no\/#organization"},"potentialAction":[{"@type":"SearchAction","target":{"@type":"EntryPoint","urlTemplate":"https:\/\/altaturneringen.no\/?s={search_term_string}"},"query-input":{"@type":"PropertyValueSpecification","valueRequired":true,"valueName":"search_term_string"}}],"inLanguage":"nb-NO"},{"@type":"Organization","@id":"https:\/\/altaturneringen.no\/#organization","name":"Altaturneringen","url":"https:\/\/altaturneringen.no\/","logo":{"@type":"ImageObject","inLanguage":"nb-NO","@id":"https:\/\/altaturneringen.no\/#\/schema\/logo\/image\/","url":"https:\/\/altaturneringen.no\/wp-content\/uploads\/2023\/09\/Alta-Turneringen-Logo-PNG.png","contentUrl":"https:\/\/altaturneringen.no\/wp-content\/uploads\/2023\/09\/Alta-Turneringen-Logo-PNG.png","width":803,"height":802,"caption":"Altaturneringen"},"image":{"@id":"https:\/\/altaturneringen.no\/#\/schema\/logo\/image\/"},"sameAs":["https:\/\/www.facebook.com\/Altaturneringen","https:\/\/www.facebook.com\/profile.php?id=100089793754468"]}]}},"_links":{"self":[{"href":"https:\/\/altaturneringen.no\/index.php?rest_route=\/wp\/v2\/pages\/9","targetHints":{"allow":["GET"]}}],"collection":[{"href":"https:\/\/altaturneringen.no\/index.php?rest_route=\/wp\/v2\/pages"}],"about":[{"href":"https:\/\/altaturneringen.no\/index.php?rest_route=\/wp\/v2\/types\/page"}],"author":[{"embeddable":true,"href":"https:\/\/altaturneringen.no\/index.php?rest_route=\/wp\/v2\/users\/4"}],"replies":[{"embeddable":true,"href":"https:\/\/altaturneringen.no\/index.php?rest_route=%2Fwp%2Fv2%2Fcomments&post=9"}],"version-history":[{"count":244,"href":"https:\/\/altaturneringen.no\/index.php?rest_route=\/wp\/v2\/pages\/9\/revisions"}],"predecessor-version":[{"id":311,"href":"https:\/\/altaturneringen.no\/index.php?rest_route=\/wp\/v2\/pages\/9\/revisions\/311"}],"wp:featuredmedia":[{"embeddable":true,"href":"https:\/\/altaturneringen.no\/index.php?rest_route=\/wp\/v2\/media\/266"}],"wp:attachment":[{"href":"https:\/\/altaturneringen.no\/index.php?rest_route=%2Fwp%2Fv2%2Fmedia&parent=9"}],"curies":[{"name":"wp","href":"https:\/\/api.w.org\/{rel}","templated":true}]}}